{"id":2873,"date":"2021-09-15T10:23:25","date_gmt":"2021-09-15T10:23:25","guid":{"rendered":"https:\/\/wordpress.vecurosoft.com\/haarino\/?page_id=2873"},"modified":"2025-07-04T10:57:52","modified_gmt":"2025-07-04T10:57:52","slug":"about","status":"publish","type":"page","link":"https:\/\/ela-beautysalon.com\/sq\/about\/","title":{"rendered":"Rreth Nesh"},"content":{"rendered":"<div data-elementor-type=\"wp-page\" data-elementor-id=\"2873\" class=\"elementor elementor-2873\" data-elementor-post-type=\"page\">\n\t\t\t\t\t\t<section class=\"elementor-section elementor-top-section elementor-element elementor-element-7e7770a elementor-section-full_width elementor-section-height-default elementor-section-height-default\" data-id=\"7e7770a\" data-element_type=\"section\" data-e-type=\"section\">\n\t\t\t\t\t\t<div class=\"elementor-container elementor-column-gap-no\">\n\t\t\t\t\t<div class=\"elementor-column elementor-col-100 elementor-top-column elementor-element elementor-element-9f44424\" data-id=\"9f44424\" data-element_type=\"column\" data-e-type=\"column\">\n\t\t\t<div class=\"elementor-widget-wrap elementor-element-populated\">\n\t\t\t\t\t\t<section class=\"elementor-section elementor-inner-section elementor-element elementor-element-50f4d02 elementor-section-content-middle elementor-section-boxed elementor-section-height-default elementor-section-height-default\" data-id=\"50f4d02\" data-element_type=\"section\" data-e-type=\"section\">\n\t\t\t\t\t\t<div class=\"elementor-container elementor-column-gap-no\">\n\t\t\t\t\t<div class=\"elementor-column elementor-col-50 elementor-inner-column elementor-element elementor-element-a80f5a7\" data-id=\"a80f5a7\" data-element_type=\"column\" data-e-type=\"column\">\n\t\t\t<div class=\"elementor-widget-wrap elementor-element-populated\">\n\t\t\t\t\t\t<div class=\"elementor-element elementor-element-f9452e5 elementor-widget-tablet__width-auto elementor-widget elementor-widget-haarmaximage\" data-id=\"f9452e5\" data-element_type=\"widget\" data-e-type=\"widget\" data-widget_type=\"haarmaximage.default\">\n\t\t\t\t<div class=\"elementor-widget-container\">\n\t\t\t\t\t<div class=\"transform-banner\"><img decoding=\"async\" loading=\"lazy\" src=\"https:\/\/ela-beautysalon.com\/wp-content\/uploads\/2025\/06\/Untitled-Website-874-x-1024-px-27.png\" alt=\"Untitled Website 874 x 1024 px 27\"  \/><\/div>\t\t\t\t<\/div>\n\t\t\t\t<\/div>\n\t\t\t\t\t<\/div>\n\t\t<\/div>\n\t\t\t\t<div class=\"elementor-column elementor-col-50 elementor-inner-column elementor-element elementor-element-8a45d28\" data-id=\"8a45d28\" data-element_type=\"column\" data-e-type=\"column\">\n\t\t\t<div class=\"elementor-widget-wrap elementor-element-populated\">\n\t\t\t\t\t\t<div class=\"elementor-element elementor-element-98a644b elementor-widget elementor-widget-haarmaxsectiontitle\" data-id=\"98a644b\" data-element_type=\"widget\" data-e-type=\"widget\" data-widget_type=\"haarmaxsectiontitle.default\">\n\t\t\t\t<div class=\"elementor-widget-container\">\n\t\t\t\t\t<div class=\"section-title\" ><span class=\"sub-title subtitle-selector\">Arti i Transformimit t\u00eb Flok\u00ebve<\/span><h2 class=\"sec-title title-selector\">P\u00ebrkushtim dhe Pasion n\u00eb \u00c7do Stilim<\/h2><\/div>\t\t\t\t<\/div>\n\t\t\t\t<\/div>\n\t\t\t\t<div class=\"elementor-element elementor-element-5aa60c2 elementor-widget elementor-widget-haarmaxhistoryslider\" data-id=\"5aa60c2\" data-element_type=\"widget\" data-e-type=\"widget\" data-widget_type=\"haarmaxhistoryslider.default\">\n\t\t\t\t<div class=\"elementor-widget-container\">\n\t\t\t\t\t<!-----------------------Start History-----------------------><div class=\"story-media-wrap pt-xl-4\"><div class=\"story-media\"><p class=\"story-text\">P\u00ebr mua, transformimi i flok\u00ebve nuk \u00ebsht\u00eb thjesht nj\u00eb pun\u00eb \u2013 \u00ebsht\u00eb nj\u00eb form\u00eb shprehjeje. \u00c7do ndryshim q\u00eb krijoj, qoft\u00eb nj\u00eb prerje, nj\u00eb ngjyr\u00eb apo nj\u00eb stilim, realizohet me zem\u00ebr, kujdes dhe pasion. Sepse me t\u00eb v\u00ebrtet\u00eb besoj, ashtu si\u00e7 thot\u00eb edhe slogani yn\u00eb:\n\u201cNj\u00eb dit\u00eb e mir\u00eb p\u00ebr flok\u00ebt, e b\u00ebn humorin t\u00ebnd t\u00eb mir\u00eb t\u00eb q\u00ebndroj\u00eb.\u201d\nDhe asgj\u00eb nuk m\u00eb sjell m\u00eb shum\u00eb g\u00ebzim sesa t\u00eb shoh buz\u00ebqeshjet tuaja t\u00eb k\u00ebnaqura q\u00eb ndri\u00e7ojn\u00eb sallonin tim; kjo \u00ebsht\u00eb, pa dyshim, shp\u00ebrblimi m\u00eb i madh p\u00ebr mua.<\/p><div class=\"story-author\">Eniela Minaj <span class=\"degi\">Pronare<\/span><\/div><\/div><\/div><!-----------------------Start History----------------------->\t\t\t\t<\/div>\n\t\t\t\t<\/div>\n\t\t\t\t\t<\/div>\n\t\t<\/div>\n\t\t\t\t\t<\/div>\n\t\t<\/section>\n\t\t\t\t\t<\/div>\n\t\t<\/div>\n\t\t\t\t\t<\/div>\n\t\t<\/section>\n\t\t\t\t<section class=\"elementor-section elementor-top-section elementor-element elementor-element-903f2c9 elementor-section-full_width elementor-section-height-default elementor-section-height-default\" data-id=\"903f2c9\" data-element_type=\"section\" data-e-type=\"section\">\n\t\t\t\t\t\t<div class=\"elementor-container elementor-column-gap-no\">\n\t\t\t\t\t<div class=\"elementor-column elementor-col-100 elementor-top-column elementor-element elementor-element-6180950\" data-id=\"6180950\" data-element_type=\"column\" data-e-type=\"column\">\n\t\t\t<div class=\"elementor-widget-wrap elementor-element-populated\">\n\t\t\t\t\t\t<section class=\"elementor-section elementor-inner-section elementor-element elementor-element-7f7a9cd elementor-section-full_width elementor-section-height-default elementor-section-height-default\" data-id=\"7f7a9cd\" data-element_type=\"section\" data-e-type=\"section\">\n\t\t\t\t\t\t<div class=\"elementor-container elementor-column-gap-no\">\n\t\t\t\t\t<div class=\"elementor-column elementor-col-100 elementor-inner-column elementor-element elementor-element-9ad99ec\" data-id=\"9ad99ec\" data-element_type=\"column\" data-e-type=\"column\">\n\t\t\t<div class=\"elementor-widget-wrap elementor-element-populated\">\n\t\t\t\t\t\t<div class=\"elementor-element elementor-element-7f89d19 elementor-widget elementor-widget-haarmaxsectiontitle\" data-id=\"7f89d19\" data-element_type=\"widget\" data-e-type=\"widget\" data-widget_type=\"haarmaxsectiontitle.default\">\n\t\t\t\t<div class=\"elementor-widget-container\">\n\t\t\t\t\t<div class=\"section-title\" ><div class=\"sec-icon\"><img decoding=\"async\" loading=\"lazy\" src=\"https:\/\/wordpress.vecurosoft.com\/haarino\/wp-content\/uploads\/2021\/09\/sec-icon.png\" alt=\"sec icon\"  \/><\/div><span class=\"sub-title subtitle-selector\">Ela Beuaty Salon <\/span><h2 class=\"sec-title title-selector\">Njihuni me Ekipin Ton\u00eb<\/h2><\/div>\t\t\t\t<\/div>\n\t\t\t\t<\/div>\n\t\t\t\t\t<\/div>\n\t\t<\/div>\n\t\t\t\t\t<\/div>\n\t\t<\/section>\n\t\t<div class=\"elementor-element elementor-element-4012312 e-flex e-con-boxed e-con e-parent\" data-id=\"4012312\" data-element_type=\"container\" data-e-type=\"container\">\n\t\t\t\t\t<div class=\"e-con-inner\">\n\t\t\t\t<div class=\"elementor-element elementor-element-f7f205d gallery-spacing-custom elementor-widget elementor-widget-image-gallery\" data-id=\"f7f205d\" data-element_type=\"widget\" data-e-type=\"widget\" data-widget_type=\"image-gallery.default\">\n\t\t\t\t<div class=\"elementor-widget-container\">\n\t\t\t\t\t\t\t<div class=\"elementor-image-gallery\">\n\t\t\t<div id='gallery-1' class='gallery galleryid-2873 gallery-columns-3 gallery-size-full'><figure class='gallery-item'>\n\t\t\t<div class='gallery-icon portrait'>\n\t\t\t\t<a data-elementor-open-lightbox=\"yes\" data-elementor-lightbox-slideshow=\"f7f205d\" data-elementor-lightbox-title=\"Untitled (Website) (874 x 1024 px) (23)\" data-e-action-hash=\"#elementor-action%3Aaction%3Dlightbox%26settings%3DeyJpZCI6Nzg1MiwidXJsIjoiaHR0cHM6XC9cL2VsYS1iZWF1dHlzYWxvbi5jb21cL3dwLWNvbnRlbnRcL3VwbG9hZHNcLzIwMjVcLzA2XC9VbnRpdGxlZC1XZWJzaXRlLTg3NC14LTEwMjQtcHgtMjMucG5nIiwic2xpZGVzaG93IjoiZjdmMjA1ZCJ9\" href='https:\/\/ela-beautysalon.com\/wp-content\/uploads\/2025\/06\/Untitled-Website-874-x-1024-px-23.png'><img loading=\"lazy\" decoding=\"async\" width=\"874\" height=\"1024\" src=\"https:\/\/ela-beautysalon.com\/wp-content\/uploads\/2025\/06\/Untitled-Website-874-x-1024-px-23.png\" class=\"attachment-full size-full\" alt=\"\" aria-describedby=\"gallery-1-7852\" srcset=\"https:\/\/ela-beautysalon.com\/wp-content\/uploads\/2025\/06\/Untitled-Website-874-x-1024-px-23.png 874w, https:\/\/ela-beautysalon.com\/wp-content\/uploads\/2025\/06\/Untitled-Website-874-x-1024-px-23-256x300.png 256w, https:\/\/ela-beautysalon.com\/wp-content\/uploads\/2025\/06\/Untitled-Website-874-x-1024-px-23-768x900.png 768w, https:\/\/ela-beautysalon.com\/wp-content\/uploads\/2025\/06\/Untitled-Website-874-x-1024-px-23-600x703.png 600w\" sizes=\"auto, (max-width: 874px) 100vw, 874px\" \/><\/a>\n\t\t\t<\/div>\n\t\t\t\t<figcaption class='wp-caption-text gallery-caption' id='gallery-1-7852'>\n\t\t\t\tEniela Minaj &#8211; Owner &#038; Hair Expert\n\t\t\t\t<\/figcaption><\/figure><figure class='gallery-item'>\n\t\t\t<div class='gallery-icon portrait'>\n\t\t\t\t<a data-elementor-open-lightbox=\"yes\" data-elementor-lightbox-slideshow=\"f7f205d\" data-elementor-lightbox-title=\"Untitled (Website) (874 x 1024 px) (24)\" data-e-action-hash=\"#elementor-action%3Aaction%3Dlightbox%26settings%3DeyJpZCI6Nzg1MCwidXJsIjoiaHR0cHM6XC9cL2VsYS1iZWF1dHlzYWxvbi5jb21cL3dwLWNvbnRlbnRcL3VwbG9hZHNcLzIwMjVcLzA2XC9VbnRpdGxlZC1XZWJzaXRlLTg3NC14LTEwMjQtcHgtMjQucG5nIiwic2xpZGVzaG93IjoiZjdmMjA1ZCJ9\" href='https:\/\/ela-beautysalon.com\/wp-content\/uploads\/2025\/06\/Untitled-Website-874-x-1024-px-24.png'><img loading=\"lazy\" decoding=\"async\" width=\"874\" height=\"1024\" src=\"https:\/\/ela-beautysalon.com\/wp-content\/uploads\/2025\/06\/Untitled-Website-874-x-1024-px-24.png\" class=\"attachment-full size-full\" alt=\"\" aria-describedby=\"gallery-1-7850\" srcset=\"https:\/\/ela-beautysalon.com\/wp-content\/uploads\/2025\/06\/Untitled-Website-874-x-1024-px-24.png 874w, https:\/\/ela-beautysalon.com\/wp-content\/uploads\/2025\/06\/Untitled-Website-874-x-1024-px-24-256x300.png 256w, https:\/\/ela-beautysalon.com\/wp-content\/uploads\/2025\/06\/Untitled-Website-874-x-1024-px-24-768x900.png 768w, https:\/\/ela-beautysalon.com\/wp-content\/uploads\/2025\/06\/Untitled-Website-874-x-1024-px-24-600x703.png 600w\" sizes=\"auto, (max-width: 874px) 100vw, 874px\" \/><\/a>\n\t\t\t<\/div>\n\t\t\t\t<figcaption class='wp-caption-text gallery-caption' id='gallery-1-7850'>\n\t\t\t\tMarsela Bleta &#8211; Hair Stylist &#038; Colorist Specialist\n\t\t\t\t<\/figcaption><\/figure><figure class='gallery-item'>\n\t\t\t<div class='gallery-icon portrait'>\n\t\t\t\t<a data-elementor-open-lightbox=\"yes\" data-elementor-lightbox-slideshow=\"f7f205d\" data-elementor-lightbox-title=\"Untitled (Website) (874 x 1024 px) (28)\" data-e-action-hash=\"#elementor-action%3Aaction%3Dlightbox%26settings%3DeyJpZCI6Nzg0NCwidXJsIjoiaHR0cHM6XC9cL2VsYS1iZWF1dHlzYWxvbi5jb21cL3dwLWNvbnRlbnRcL3VwbG9hZHNcLzIwMjVcLzA2XC9VbnRpdGxlZC1XZWJzaXRlLTg3NC14LTEwMjQtcHgtMjgucG5nIiwic2xpZGVzaG93IjoiZjdmMjA1ZCJ9\" href='https:\/\/ela-beautysalon.com\/wp-content\/uploads\/2025\/06\/Untitled-Website-874-x-1024-px-28.png'><img loading=\"lazy\" decoding=\"async\" width=\"874\" height=\"1024\" src=\"https:\/\/ela-beautysalon.com\/wp-content\/uploads\/2025\/06\/Untitled-Website-874-x-1024-px-28.png\" class=\"attachment-full size-full\" alt=\"\" aria-describedby=\"gallery-1-7844\" srcset=\"https:\/\/ela-beautysalon.com\/wp-content\/uploads\/2025\/06\/Untitled-Website-874-x-1024-px-28.png 874w, https:\/\/ela-beautysalon.com\/wp-content\/uploads\/2025\/06\/Untitled-Website-874-x-1024-px-28-256x300.png 256w, https:\/\/ela-beautysalon.com\/wp-content\/uploads\/2025\/06\/Untitled-Website-874-x-1024-px-28-768x900.png 768w, https:\/\/ela-beautysalon.com\/wp-content\/uploads\/2025\/06\/Untitled-Website-874-x-1024-px-28-600x703.png 600w\" sizes=\"auto, (max-width: 874px) 100vw, 874px\" \/><\/a>\n\t\t\t<\/div>\n\t\t\t\t<figcaption class='wp-caption-text gallery-caption' id='gallery-1-7844'>\n\t\t\t\tAlketa Shehi &#8211; Hair and Nails Specialist\n\t\t\t\t<\/figcaption><\/figure><figure class='gallery-item'>\n\t\t\t<div class='gallery-icon portrait'>\n\t\t\t\t<a data-elementor-open-lightbox=\"yes\" data-elementor-lightbox-slideshow=\"f7f205d\" data-elementor-lightbox-title=\"Untitled (Website) (874 x 1024 px) (31)\" data-e-action-hash=\"#elementor-action%3Aaction%3Dlightbox%26settings%3DeyJpZCI6ODEzOSwidXJsIjoiaHR0cHM6XC9cL2VsYS1iZWF1dHlzYWxvbi5jb21cL3dwLWNvbnRlbnRcL3VwbG9hZHNcLzIwMjVcLzA3XC9VbnRpdGxlZC1XZWJzaXRlLTg3NC14LTEwMjQtcHgtMzEucG5nIiwic2xpZGVzaG93IjoiZjdmMjA1ZCJ9\" href='https:\/\/ela-beautysalon.com\/wp-content\/uploads\/2025\/07\/Untitled-Website-874-x-1024-px-31.png'><img loading=\"lazy\" decoding=\"async\" width=\"874\" height=\"1024\" src=\"https:\/\/ela-beautysalon.com\/wp-content\/uploads\/2025\/07\/Untitled-Website-874-x-1024-px-31.png\" class=\"attachment-full size-full\" alt=\"\" aria-describedby=\"gallery-1-8139\" srcset=\"https:\/\/ela-beautysalon.com\/wp-content\/uploads\/2025\/07\/Untitled-Website-874-x-1024-px-31.png 874w, https:\/\/ela-beautysalon.com\/wp-content\/uploads\/2025\/07\/Untitled-Website-874-x-1024-px-31-256x300.png 256w, https:\/\/ela-beautysalon.com\/wp-content\/uploads\/2025\/07\/Untitled-Website-874-x-1024-px-31-768x900.png 768w, https:\/\/ela-beautysalon.com\/wp-content\/uploads\/2025\/07\/Untitled-Website-874-x-1024-px-31-10x12.png 10w, https:\/\/ela-beautysalon.com\/wp-content\/uploads\/2025\/07\/Untitled-Website-874-x-1024-px-31-600x703.png 600w\" sizes=\"auto, (max-width: 874px) 100vw, 874px\" \/><\/a>\n\t\t\t<\/div>\n\t\t\t\t<figcaption class='wp-caption-text gallery-caption' id='gallery-1-8139'>\n\t\t\t\tAnxhela Karaj &#8211; Hair Treatment Specialist\n\t\t\t\t<\/figcaption><\/figure><figure class='gallery-item'>\n\t\t\t<div class='gallery-icon portrait'>\n\t\t\t\t<a data-elementor-open-lightbox=\"yes\" data-elementor-lightbox-slideshow=\"f7f205d\" data-elementor-lightbox-title=\"Untitled (Website) (874 x 1024 px) (25)\" data-e-action-hash=\"#elementor-action%3Aaction%3Dlightbox%26settings%3DeyJpZCI6Nzg0OCwidXJsIjoiaHR0cHM6XC9cL2VsYS1iZWF1dHlzYWxvbi5jb21cL3dwLWNvbnRlbnRcL3VwbG9hZHNcLzIwMjVcLzA2XC9VbnRpdGxlZC1XZWJzaXRlLTg3NC14LTEwMjQtcHgtMjUucG5nIiwic2xpZGVzaG93IjoiZjdmMjA1ZCJ9\" href='https:\/\/ela-beautysalon.com\/wp-content\/uploads\/2025\/06\/Untitled-Website-874-x-1024-px-25.png'><img loading=\"lazy\" decoding=\"async\" width=\"874\" height=\"1024\" src=\"https:\/\/ela-beautysalon.com\/wp-content\/uploads\/2025\/06\/Untitled-Website-874-x-1024-px-25.png\" class=\"attachment-full size-full\" alt=\"\" aria-describedby=\"gallery-1-7848\" srcset=\"https:\/\/ela-beautysalon.com\/wp-content\/uploads\/2025\/06\/Untitled-Website-874-x-1024-px-25.png 874w, https:\/\/ela-beautysalon.com\/wp-content\/uploads\/2025\/06\/Untitled-Website-874-x-1024-px-25-256x300.png 256w, https:\/\/ela-beautysalon.com\/wp-content\/uploads\/2025\/06\/Untitled-Website-874-x-1024-px-25-768x900.png 768w, https:\/\/ela-beautysalon.com\/wp-content\/uploads\/2025\/06\/Untitled-Website-874-x-1024-px-25-600x703.png 600w\" sizes=\"auto, (max-width: 874px) 100vw, 874px\" \/><\/a>\n\t\t\t<\/div>\n\t\t\t\t<figcaption class='wp-caption-text gallery-caption' id='gallery-1-7848'>\n\t\t\t\tElda Elezi &#8211; Esthetic &#038; Facial Treatment Expert\n\t\t\t\t<\/figcaption><\/figure><figure class='gallery-item'>\n\t\t\t<div class='gallery-icon portrait'>\n\t\t\t\t<a data-elementor-open-lightbox=\"yes\" data-elementor-lightbox-slideshow=\"f7f205d\" data-elementor-lightbox-title=\"Untitled (Website) (874 x 1024 px) (29)\" data-e-action-hash=\"#elementor-action%3Aaction%3Dlightbox%26settings%3DeyJpZCI6Nzg0MiwidXJsIjoiaHR0cHM6XC9cL2VsYS1iZWF1dHlzYWxvbi5jb21cL3dwLWNvbnRlbnRcL3VwbG9hZHNcLzIwMjVcLzA2XC9VbnRpdGxlZC1XZWJzaXRlLTg3NC14LTEwMjQtcHgtMjkucG5nIiwic2xpZGVzaG93IjoiZjdmMjA1ZCJ9\" href='https:\/\/ela-beautysalon.com\/wp-content\/uploads\/2025\/06\/Untitled-Website-874-x-1024-px-29.png'><img loading=\"lazy\" decoding=\"async\" width=\"874\" height=\"1024\" src=\"https:\/\/ela-beautysalon.com\/wp-content\/uploads\/2025\/06\/Untitled-Website-874-x-1024-px-29.png\" class=\"attachment-full size-full\" alt=\"\" aria-describedby=\"gallery-1-7842\" srcset=\"https:\/\/ela-beautysalon.com\/wp-content\/uploads\/2025\/06\/Untitled-Website-874-x-1024-px-29.png 874w, https:\/\/ela-beautysalon.com\/wp-content\/uploads\/2025\/06\/Untitled-Website-874-x-1024-px-29-256x300.png 256w, https:\/\/ela-beautysalon.com\/wp-content\/uploads\/2025\/06\/Untitled-Website-874-x-1024-px-29-768x900.png 768w, https:\/\/ela-beautysalon.com\/wp-content\/uploads\/2025\/06\/Untitled-Website-874-x-1024-px-29-600x703.png 600w\" sizes=\"auto, (max-width: 874px) 100vw, 874px\" \/><\/a>\n\t\t\t<\/div>\n\t\t\t\t<figcaption class='wp-caption-text gallery-caption' id='gallery-1-7842'>\n\t\t\t\tBoralda Minaj &#8211; Marketing &#038; Communication\n\t\t\t\t<\/figcaption><\/figure>\n\t\t<\/div>\n\t\t<\/div>\n\t\t\t\t\t\t<\/div>\n\t\t\t\t<\/div>\n\t\t\t\t\t<\/div>\n\t\t\t\t<\/div>\n\t\t\t\t\t<\/div>\n\t\t<\/div>\n\t\t\t\t\t<\/div>\n\t\t<\/section>\n\t\t\t\t<\/div>","protected":false},"excerpt":{"rendered":"<p>The Art of Hair Transformation Dedication and Passion in Every Styling For me, hair transformation isn\u2019t just a job, it\u2019s a form of expression. Every transformation I create, whether it\u2019s a cut, a colour, or a style, is done with heart, care, and passion. Because I truly believe, just like our slogan says, \u201cA good&#8230;<\/p>","protected":false},"author":1,"featured_media":0,"parent":0,"menu_order":0,"comment_status":"closed","ping_status":"closed","template":"template-builder.php","meta":{"nf_dc_page":"","footnotes":""},"class_list":["post-2873","page","type-page","status-publish","hentry"],"_links":{"self":[{"href":"https:\/\/ela-beautysalon.com\/sq\/wp-json\/wp\/v2\/pages\/2873","targetHints":{"allow":["GET"]}}],"collection":[{"href":"https:\/\/ela-beautysalon.com\/sq\/wp-json\/wp\/v2\/pages"}],"about":[{"href":"https:\/\/ela-beautysalon.com\/sq\/wp-json\/wp\/v2\/types\/page"}],"author":[{"embeddable":true,"href":"https:\/\/ela-beautysalon.com\/sq\/wp-json\/wp\/v2\/users\/1"}],"replies":[{"embeddable":true,"href":"https:\/\/ela-beautysalon.com\/sq\/wp-json\/wp\/v2\/comments?post=2873"}],"version-history":[{"count":20,"href":"https:\/\/ela-beautysalon.com\/sq\/wp-json\/wp\/v2\/pages\/2873\/revisions"}],"predecessor-version":[{"id":8142,"href":"https:\/\/ela-beautysalon.com\/sq\/wp-json\/wp\/v2\/pages\/2873\/revisions\/8142"}],"wp:attachment":[{"href":"https:\/\/ela-beautysalon.com\/sq\/wp-json\/wp\/v2\/media?parent=2873"}],"curies":[{"name":"wp","href":"https:\/\/api.w.org\/{rel}","templated":true}]}}